{"id":120,"date":"2026-04-08T20:40:08","date_gmt":"2026-04-08T20:40:08","guid":{"rendered":"https:\/\/www.macfly.ch\/index.php\/impressum\/"},"modified":"2026-04-08T20:44:22","modified_gmt":"2026-04-08T20:44:22","slug":"impressum","status":"publish","type":"page","link":"https:\/\/www.macfly.ch\/index.php\/impressum\/","title":{"rendered":"Impressum"},"content":{"rendered":"<h3>Angaben gem\u00e4ss Schweizer Recht<\/h3>\n<p><strong>MACFLY<\/strong><br \/>\nH\u00fcseyin Tugal<br \/>\n[Strasse und Hausnummer]<br \/>\n[PLZ] Bern, Schweiz<\/p>\n<p><strong>E-Mail:<\/strong> info@macfly.ch<br \/>\n<strong>Telefon:<\/strong> [Telefonnummer]<br \/>\n<strong>Website:<\/strong> macfly.ch<\/p>\n<h3>Haftungsausschluss<\/h3>\n<p>Die Inhalte dieser Website wurden mit gr\u00f6sstm\u00f6glicher Sorgfalt erstellt. F\u00fcr die Richtigkeit, Vollst\u00e4ndigkeit und Aktualit\u00e4t der Inhalte \u00fcbernehmen wir jedoch keine Gew\u00e4hr. Als Diensteanbieter sind wir gem\u00e4ss Schweizer Recht f\u00fcr eigene Inhalte auf diesen Seiten verantwortlich.<\/p>\n<h3>Urheberrecht<\/h3>\n<p>Die durch uns erstellten Inhalte und Werke auf diesen Seiten unterliegen dem Schweizer Urheberrecht. Die Vervielf\u00e4ltigung, Bearbeitung, Verbreitung und jede Art der Verwertung ausserhalb der Grenzen des Urheberrechts bed\u00fcrfen der schriftlichen Zustimmung von MACFLY.<\/p>\n<h3>Externe Links<\/h3>\n<p>Diese Website enth\u00e4lt Links zu externen Webseiten Dritter. Auf die Inhalte dieser externen Seiten haben wir keinen Einfluss. F\u00fcr die Inhalte der verlinkten Seiten ist stets der jeweilige Anbieter verantwortlich.<\/p>\n<p><em>Letzte Aktualisierung: 08.04.2026<\/em><\/p>\n","protected":false},"excerpt":{"rendered":"<p>Angaben gem\u00e4ss Schweizer Recht MACFLY H\u00fcseyin Tugal [Strasse und Hausnummer] [PLZ] Bern, Schweiz E-Mail: info@macfly.ch Telefon: [Telefonnummer] Website: macfly.ch Haftungsausschluss Die Inhalte dieser Website wurden &#8230;<\/p>\n","protected":false},"author":1,"featured_media":0,"parent":0,"menu_order":0,"comment_status":"closed","ping_status":"closed","template":"page-templates\/template-legal.php","meta":{"footnotes":""},"class_list":["post-120","page","type-page","status-publish","hentry"],"_links":{"self":[{"href":"https:\/\/www.macfly.ch\/index.php\/wp-json\/wp\/v2\/pages\/120","targetHints":{"allow":["GET"]}}],"collection":[{"href":"https:\/\/www.macfly.ch\/index.php\/wp-json\/wp\/v2\/pages"}],"about":[{"href":"https:\/\/www.macfly.ch\/index.php\/wp-json\/wp\/v2\/types\/page"}],"author":[{"embeddable":true,"href":"https:\/\/www.macfly.ch\/index.php\/wp-json\/wp\/v2\/users\/1"}],"replies":[{"embeddable":true,"href":"https:\/\/www.macfly.ch\/index.php\/wp-json\/wp\/v2\/comments?post=120"}],"version-history":[{"count":1,"href":"https:\/\/www.macfly.ch\/index.php\/wp-json\/wp\/v2\/pages\/120\/revisions"}],"predecessor-version":[{"id":123,"href":"https:\/\/www.macfly.ch\/index.php\/wp-json\/wp\/v2\/pages\/120\/revisions\/123"}],"wp:attachment":[{"href":"https:\/\/www.macfly.ch\/index.php\/wp-json\/wp\/v2\/media?parent=120"}],"curies":[{"name":"wp","href":"https:\/\/api.w.org\/{rel}","templated":true}]}}